{"id":3306,"date":"2019-07-09T13:21:17","date_gmt":"2019-07-09T11:21:17","guid":{"rendered":"https:\/\/www.rex.eu\/referenz\/teamfact\/"},"modified":"2025-01-15T18:18:40","modified_gmt":"2025-01-15T17:18:40","slug":"teamfact","status":"publish","type":"page","link":"https:\/\/www.rex.eu\/de\/referenz\/teamfact\/","title":{"rendered":"Teamfact"},"content":{"rendered":"<p>&#8222;We used the REX GPS Trackers for an unconventional purpose: to track the position of cyclists at a team mountain-biking competition. We had quite specific requirements, such as changing the frequency that the sensors send the data, and the need for a custom-API. The REX team was more than helpful with these points and made everything work for us. The sensors, even though they were deep in the woods, provided accurate data for location, speed, and battery level. Our cyclists were enthusiastic about being able to monitor their teammates live on the track. Working with REX has been a great experience, and we would highly recommend them and their products.&#8220;<\/p>\n<p>Vincent Brown, SAP BI Consultant at TEAMFACT GmbH<\/p>\n","protected":false},"excerpt":{"rendered":"<p>&#8222;We used the REX GPS Trackers for an unconventional purpose: to track the position of cyclists at a team mountain-biking competition. We had quite specific requirements, such as changing the frequency that the sensors send the data, and the need for a custom-API. The REX team was more than helpful with these points and made [&hellip;]<\/p>\n","protected":false},"author":3,"featured_media":3103,"parent":3299,"menu_order":34,"comment_status":"closed","ping_status":"closed","template":"","meta":{"footnotes":""},"class_list":["post-3306","page","type-page","status-publish","has-post-thumbnail","hentry"],"yoast_head":"<!-- This site is optimized with the Yoast SEO plugin v27.3 - https:\/\/yoast.com\/product\/yoast-seo-wordpress\/ -->\n<title>Teamfact - 1. REX SERVICES, a.s.<\/title>\n<meta name=\"description\" content=\"GPS moduly firmy 1. REX SERVICES, a.s. pou\u017e\u00edv\u00e1me ji\u017e n\u011bkolik let v na\u0161ich slu\u017eebn\u00edch vozech hlavn\u011b jako bezpe\u010dnostn\u00ed prvek.\" \/>\n<meta name=\"robots\" content=\"index, follow, max-snippet:-1, max-image-preview:large, max-video-preview:-1\" \/>\n<link rel=\"canonical\" href=\"https:\/\/www.rex.eu\/de\/referenz\/teamfact\/\" \/>\n<meta property=\"og:locale\" content=\"de_DE\" \/>\n<meta property=\"og:type\" content=\"article\" \/>\n<meta property=\"og:title\" content=\"Teamfact - 1. REX SERVICES, a.s.\" \/>\n<meta property=\"og:description\" content=\"GPS moduly firmy 1. REX SERVICES, a.s. pou\u017e\u00edv\u00e1me ji\u017e n\u011bkolik let v na\u0161ich slu\u017eebn\u00edch vozech hlavn\u011b jako bezpe\u010dnostn\u00ed prvek.\" \/>\n<meta property=\"og:url\" content=\"https:\/\/www.rex.eu\/de\/referenz\/teamfact\/\" \/>\n<meta property=\"og:site_name\" content=\"1. REX SERVICES, a.s.\" \/>\n<meta property=\"article:publisher\" content=\"https:\/\/www.facebook.com\/RexServices\/\" \/>\n<meta property=\"article:modified_time\" content=\"2025-01-15T17:18:40+00:00\" \/>\n<meta property=\"og:image\" content=\"https:\/\/www.rex.eu\/wp-content\/uploads\/2019\/07\/teamfact.png\" \/>\n\t<meta property=\"og:image:width\" content=\"450\" \/>\n\t<meta property=\"og:image:height\" content=\"100\" \/>\n\t<meta property=\"og:image:type\" content=\"image\/png\" \/>\n<meta name=\"twitter:card\" content=\"summary_large_image\" \/>\n<meta name=\"twitter:label1\" content=\"Gesch\u00e4tzte Lesezeit\" \/>\n\t<meta name=\"twitter:data1\" content=\"1\u00a0Minute\" \/>\n<script type=\"application\/ld+json\" class=\"yoast-schema-graph\">{\"@context\":\"https:\\\/\\\/schema.org\",\"@graph\":[{\"@type\":\"WebPage\",\"@id\":\"https:\\\/\\\/www.rex.eu\\\/de\\\/referenz\\\/teamfact\\\/\",\"url\":\"https:\\\/\\\/www.rex.eu\\\/de\\\/referenz\\\/teamfact\\\/\",\"name\":\"Teamfact - 1. REX SERVICES, a.s.\",\"isPartOf\":{\"@id\":\"https:\\\/\\\/www.rex.eu\\\/#website\"},\"primaryImageOfPage\":{\"@id\":\"https:\\\/\\\/www.rex.eu\\\/de\\\/referenz\\\/teamfact\\\/#primaryimage\"},\"image\":{\"@id\":\"https:\\\/\\\/www.rex.eu\\\/de\\\/referenz\\\/teamfact\\\/#primaryimage\"},\"thumbnailUrl\":\"https:\\\/\\\/www.rex.eu\\\/wp-content\\\/uploads\\\/2019\\\/07\\\/teamfact.png\",\"datePublished\":\"2019-07-09T11:21:17+00:00\",\"dateModified\":\"2025-01-15T17:18:40+00:00\",\"description\":\"GPS moduly firmy 1. REX SERVICES, a.s. pou\u017e\u00edv\u00e1me ji\u017e n\u011bkolik let v na\u0161ich slu\u017eebn\u00edch vozech hlavn\u011b jako bezpe\u010dnostn\u00ed prvek.\",\"breadcrumb\":{\"@id\":\"https:\\\/\\\/www.rex.eu\\\/de\\\/referenz\\\/teamfact\\\/#breadcrumb\"},\"inLanguage\":\"de\",\"potentialAction\":[{\"@type\":\"ReadAction\",\"target\":[\"https:\\\/\\\/www.rex.eu\\\/de\\\/referenz\\\/teamfact\\\/\"]}]},{\"@type\":\"ImageObject\",\"inLanguage\":\"de\",\"@id\":\"https:\\\/\\\/www.rex.eu\\\/de\\\/referenz\\\/teamfact\\\/#primaryimage\",\"url\":\"https:\\\/\\\/www.rex.eu\\\/wp-content\\\/uploads\\\/2019\\\/07\\\/teamfact.png\",\"contentUrl\":\"https:\\\/\\\/www.rex.eu\\\/wp-content\\\/uploads\\\/2019\\\/07\\\/teamfact.png\",\"width\":450,\"height\":100},{\"@type\":\"BreadcrumbList\",\"@id\":\"https:\\\/\\\/www.rex.eu\\\/de\\\/referenz\\\/teamfact\\\/#breadcrumb\",\"itemListElement\":[{\"@type\":\"ListItem\",\"position\":1,\"name\":\"Dom\u016f\",\"item\":\"https:\\\/\\\/www.rex.eu\\\/de\\\/\"},{\"@type\":\"ListItem\",\"position\":2,\"name\":\"Referenz\",\"item\":\"https:\\\/\\\/www.rex.eu\\\/de\\\/referenz\\\/\"},{\"@type\":\"ListItem\",\"position\":3,\"name\":\"Teamfact\"}]},{\"@type\":\"WebSite\",\"@id\":\"https:\\\/\\\/www.rex.eu\\\/#website\",\"url\":\"https:\\\/\\\/www.rex.eu\\\/\",\"name\":\"1. REX SERVICES, a.s.\",\"description\":\"REX - Unser Ziel ist es, Ihnen ein sichereres und einfacheres Leben zu erm\u00f6glichen\",\"publisher\":{\"@id\":\"https:\\\/\\\/www.rex.eu\\\/#organization\"},\"potentialAction\":[{\"@type\":\"SearchAction\",\"target\":{\"@type\":\"EntryPoint\",\"urlTemplate\":\"https:\\\/\\\/www.rex.eu\\\/?s={search_term_string}\"},\"query-input\":{\"@type\":\"PropertyValueSpecification\",\"valueRequired\":true,\"valueName\":\"search_term_string\"}}],\"inLanguage\":\"de\"},{\"@type\":\"Organization\",\"@id\":\"https:\\\/\\\/www.rex.eu\\\/#organization\",\"name\":\"1. REX SERVICES, A.S.\",\"url\":\"https:\\\/\\\/www.rex.eu\\\/\",\"logo\":{\"@type\":\"ImageObject\",\"inLanguage\":\"de\",\"@id\":\"https:\\\/\\\/www.rex.eu\\\/#\\\/schema\\\/logo\\\/image\\\/\",\"url\":\"https:\\\/\\\/www.rex.eu\\\/wp-content\\\/uploads\\\/2019\\\/03\\\/logo.png\",\"contentUrl\":\"https:\\\/\\\/www.rex.eu\\\/wp-content\\\/uploads\\\/2019\\\/03\\\/logo.png\",\"width\":95,\"height\":50,\"caption\":\"1. REX SERVICES, A.S.\"},\"image\":{\"@id\":\"https:\\\/\\\/www.rex.eu\\\/#\\\/schema\\\/logo\\\/image\\\/\"},\"sameAs\":[\"https:\\\/\\\/www.facebook.com\\\/RexServices\\\/\"]}]}<\/script>\n<!-- \/ Yoast SEO plugin. -->","yoast_head_json":{"title":"Teamfact - 1. REX SERVICES, a.s.","description":"GPS moduly firmy 1. REX SERVICES, a.s. pou\u017e\u00edv\u00e1me ji\u017e n\u011bkolik let v na\u0161ich slu\u017eebn\u00edch vozech hlavn\u011b jako bezpe\u010dnostn\u00ed prvek.","robots":{"index":"index","follow":"follow","max-snippet":"max-snippet:-1","max-image-preview":"max-image-preview:large","max-video-preview":"max-video-preview:-1"},"canonical":"https:\/\/www.rex.eu\/de\/referenz\/teamfact\/","og_locale":"de_DE","og_type":"article","og_title":"Teamfact - 1. REX SERVICES, a.s.","og_description":"GPS moduly firmy 1. REX SERVICES, a.s. pou\u017e\u00edv\u00e1me ji\u017e n\u011bkolik let v na\u0161ich slu\u017eebn\u00edch vozech hlavn\u011b jako bezpe\u010dnostn\u00ed prvek.","og_url":"https:\/\/www.rex.eu\/de\/referenz\/teamfact\/","og_site_name":"1. REX SERVICES, a.s.","article_publisher":"https:\/\/www.facebook.com\/RexServices\/","article_modified_time":"2025-01-15T17:18:40+00:00","og_image":[{"width":450,"height":100,"url":"https:\/\/www.rex.eu\/wp-content\/uploads\/2019\/07\/teamfact.png","type":"image\/png"}],"twitter_card":"summary_large_image","twitter_misc":{"Gesch\u00e4tzte Lesezeit":"1\u00a0Minute"},"schema":{"@context":"https:\/\/schema.org","@graph":[{"@type":"WebPage","@id":"https:\/\/www.rex.eu\/de\/referenz\/teamfact\/","url":"https:\/\/www.rex.eu\/de\/referenz\/teamfact\/","name":"Teamfact - 1. REX SERVICES, a.s.","isPartOf":{"@id":"https:\/\/www.rex.eu\/#website"},"primaryImageOfPage":{"@id":"https:\/\/www.rex.eu\/de\/referenz\/teamfact\/#primaryimage"},"image":{"@id":"https:\/\/www.rex.eu\/de\/referenz\/teamfact\/#primaryimage"},"thumbnailUrl":"https:\/\/www.rex.eu\/wp-content\/uploads\/2019\/07\/teamfact.png","datePublished":"2019-07-09T11:21:17+00:00","dateModified":"2025-01-15T17:18:40+00:00","description":"GPS moduly firmy 1. REX SERVICES, a.s. pou\u017e\u00edv\u00e1me ji\u017e n\u011bkolik let v na\u0161ich slu\u017eebn\u00edch vozech hlavn\u011b jako bezpe\u010dnostn\u00ed prvek.","breadcrumb":{"@id":"https:\/\/www.rex.eu\/de\/referenz\/teamfact\/#breadcrumb"},"inLanguage":"de","potentialAction":[{"@type":"ReadAction","target":["https:\/\/www.rex.eu\/de\/referenz\/teamfact\/"]}]},{"@type":"ImageObject","inLanguage":"de","@id":"https:\/\/www.rex.eu\/de\/referenz\/teamfact\/#primaryimage","url":"https:\/\/www.rex.eu\/wp-content\/uploads\/2019\/07\/teamfact.png","contentUrl":"https:\/\/www.rex.eu\/wp-content\/uploads\/2019\/07\/teamfact.png","width":450,"height":100},{"@type":"BreadcrumbList","@id":"https:\/\/www.rex.eu\/de\/referenz\/teamfact\/#breadcrumb","itemListElement":[{"@type":"ListItem","position":1,"name":"Dom\u016f","item":"https:\/\/www.rex.eu\/de\/"},{"@type":"ListItem","position":2,"name":"Referenz","item":"https:\/\/www.rex.eu\/de\/referenz\/"},{"@type":"ListItem","position":3,"name":"Teamfact"}]},{"@type":"WebSite","@id":"https:\/\/www.rex.eu\/#website","url":"https:\/\/www.rex.eu\/","name":"1. REX SERVICES, a.s.","description":"REX - Unser Ziel ist es, Ihnen ein sichereres und einfacheres Leben zu erm\u00f6glichen","publisher":{"@id":"https:\/\/www.rex.eu\/#organization"},"potentialAction":[{"@type":"SearchAction","target":{"@type":"EntryPoint","urlTemplate":"https:\/\/www.rex.eu\/?s={search_term_string}"},"query-input":{"@type":"PropertyValueSpecification","valueRequired":true,"valueName":"search_term_string"}}],"inLanguage":"de"},{"@type":"Organization","@id":"https:\/\/www.rex.eu\/#organization","name":"1. REX SERVICES, A.S.","url":"https:\/\/www.rex.eu\/","logo":{"@type":"ImageObject","inLanguage":"de","@id":"https:\/\/www.rex.eu\/#\/schema\/logo\/image\/","url":"https:\/\/www.rex.eu\/wp-content\/uploads\/2019\/03\/logo.png","contentUrl":"https:\/\/www.rex.eu\/wp-content\/uploads\/2019\/03\/logo.png","width":95,"height":50,"caption":"1. REX SERVICES, A.S."},"image":{"@id":"https:\/\/www.rex.eu\/#\/schema\/logo\/image\/"},"sameAs":["https:\/\/www.facebook.com\/RexServices\/"]}]}},"_links":{"self":[{"href":"https:\/\/www.rex.eu\/de\/wp-json\/wp\/v2\/pages\/3306","targetHints":{"allow":["GET"]}}],"collection":[{"href":"https:\/\/www.rex.eu\/de\/wp-json\/wp\/v2\/pages"}],"about":[{"href":"https:\/\/www.rex.eu\/de\/wp-json\/wp\/v2\/types\/page"}],"author":[{"embeddable":true,"href":"https:\/\/www.rex.eu\/de\/wp-json\/wp\/v2\/users\/3"}],"replies":[{"embeddable":true,"href":"https:\/\/www.rex.eu\/de\/wp-json\/wp\/v2\/comments?post=3306"}],"version-history":[{"count":1,"href":"https:\/\/www.rex.eu\/de\/wp-json\/wp\/v2\/pages\/3306\/revisions"}],"predecessor-version":[{"id":3307,"href":"https:\/\/www.rex.eu\/de\/wp-json\/wp\/v2\/pages\/3306\/revisions\/3307"}],"up":[{"embeddable":true,"href":"https:\/\/www.rex.eu\/de\/wp-json\/wp\/v2\/pages\/3299"}],"wp:featuredmedia":[{"embeddable":true,"href":"https:\/\/www.rex.eu\/de\/wp-json\/wp\/v2\/media\/3103"}],"wp:attachment":[{"href":"https:\/\/www.rex.eu\/de\/wp-json\/wp\/v2\/media?parent=3306"}],"curies":[{"name":"wp","href":"https:\/\/api.w.org\/{rel}","templated":true}]}}