{"id":3119,"date":"2024-10-23T14:26:59","date_gmt":"2024-10-23T12:26:59","guid":{"rendered":"https:\/\/www.rex.eu\/?page_id=3119"},"modified":"2025-01-15T18:05:35","modified_gmt":"2025-01-15T17:05:35","slug":"gps-fahrzeugortung","status":"publish","type":"page","link":"https:\/\/www.rex.eu\/de\/sicherheit-und-schutz\/fahrzeugortung\/gps-fahrzeugortung\/","title":{"rendered":"GPS-Fahrzeugortung"},"content":{"rendered":"<p>Verwenden Sie den GPS Tracker, um den aktuellen Standort des Fahrzeugs auf der Karte anzuzeigen. Es ist auch m\u00f6glich, die Bewegungshistorie des Fahrzeugs bis zu einem Jahr zur\u00fcckzuverfolgen. Die Position wird w\u00e4hrend der Fahrt mindestens alle 30 Sekunden vom Fahrzeug gesendet (dank des Beschleunigungssensors in Kurven sogar noch h\u00e4ufiger). Der GPS-Locator enth\u00e4lt eine integrierte REX-Daten-SIM-Karte und kann verdeckt im Fahrzeug eingebaut werden. Das Fahrzeug wird \u00fcber das Mobiltelefon in der REX Online App geortet.<\/p>\n<a href=\"#formular\" target=\"_self\" class=\"link type-button icon-default color-grey form-open\"><span>Unverbindliche Anfrage<\/span><\/a>\n\n","protected":false},"excerpt":{"rendered":"<p>Verwenden Sie den GPS Tracker, um den aktuellen Standort des Fahrzeugs auf der Karte anzuzeigen. Es ist auch m\u00f6glich, die Bewegungshistorie des Fahrzeugs bis zu einem Jahr zur\u00fcckzuverfolgen. Die Position wird mindestens alle 30 Sekunden vom Fahrzeug gesendet (dank des Beschleunigungssensors in Kurven sogar noch h\u00e4ufiger). Der GPS-Locator enth\u00e4lt eine integrierte REX-Daten-SIM-Karte und kann verdeckt im Fahrzeug montiert werden.<\/p>\n","protected":false},"author":3,"featured_media":3123,"parent":3112,"menu_order":51,"comment_status":"closed","ping_status":"closed","template":"services-detail.php","meta":{"footnotes":""},"class_list":["post-3119","page","type-page","status-publish","has-post-thumbnail","hentry"],"yoast_head":"<!-- This site is optimized with the Yoast SEO plugin v27.3 - https:\/\/yoast.com\/product\/yoast-seo-wordpress\/ -->\n<title>GPS-Fahrzeugortung - 1. REX SERVICES, a.s.<\/title>\n<meta name=\"robots\" content=\"index, follow, max-snippet:-1, max-image-preview:large, max-video-preview:-1\" \/>\n<link rel=\"canonical\" href=\"https:\/\/www.rex.eu\/de\/sicherheit-und-schutz\/fahrzeugortung\/gps-fahrzeugortung\/\" \/>\n<meta property=\"og:locale\" content=\"de_DE\" \/>\n<meta property=\"og:type\" content=\"article\" \/>\n<meta property=\"og:title\" content=\"GPS-Fahrzeugortung - 1. REX SERVICES, a.s.\" \/>\n<meta property=\"og:description\" content=\"Verwenden Sie den GPS Tracker, um den aktuellen Standort des Fahrzeugs auf der Karte anzuzeigen. Es ist auch m\u00f6glich, die Bewegungshistorie des Fahrzeugs bis zu einem Jahr zur\u00fcckzuverfolgen. Die Position wird mindestens alle 30 Sekunden vom Fahrzeug gesendet (dank des Beschleunigungssensors in Kurven sogar noch h\u00e4ufiger). Der GPS-Locator enth\u00e4lt eine integrierte REX-Daten-SIM-Karte und kann verdeckt im Fahrzeug montiert werden.\" \/>\n<meta property=\"og:url\" content=\"https:\/\/www.rex.eu\/de\/sicherheit-und-schutz\/fahrzeugortung\/gps-fahrzeugortung\/\" \/>\n<meta property=\"og:site_name\" content=\"1. REX SERVICES, a.s.\" \/>\n<meta property=\"article:publisher\" content=\"https:\/\/www.facebook.com\/RexServices\/\" \/>\n<meta property=\"article:modified_time\" content=\"2025-01-15T17:05:35+00:00\" \/>\n<meta property=\"og:image\" content=\"https:\/\/www.rex.eu\/wp-content\/uploads\/2018\/08\/placeholder-2.jpg\" \/>\n\t<meta property=\"og:image:width\" content=\"1920\" \/>\n\t<meta property=\"og:image:height\" content=\"660\" \/>\n\t<meta property=\"og:image:type\" content=\"image\/jpeg\" \/>\n<meta name=\"twitter:card\" content=\"summary_large_image\" \/>\n<meta name=\"twitter:label1\" content=\"Gesch\u00e4tzte Lesezeit\" \/>\n\t<meta name=\"twitter:data1\" content=\"1\u00a0Minute\" \/>\n<script type=\"application\/ld+json\" class=\"yoast-schema-graph\">{\"@context\":\"https:\\\/\\\/schema.org\",\"@graph\":[{\"@type\":\"WebPage\",\"@id\":\"https:\\\/\\\/www.rex.eu\\\/de\\\/sicherheit-und-schutz\\\/fahrzeugortung\\\/gps-fahrzeugortung\\\/\",\"url\":\"https:\\\/\\\/www.rex.eu\\\/de\\\/sicherheit-und-schutz\\\/fahrzeugortung\\\/gps-fahrzeugortung\\\/\",\"name\":\"GPS-Fahrzeugortung - 1. REX SERVICES, a.s.\",\"isPartOf\":{\"@id\":\"https:\\\/\\\/www.rex.eu\\\/#website\"},\"primaryImageOfPage\":{\"@id\":\"https:\\\/\\\/www.rex.eu\\\/de\\\/sicherheit-und-schutz\\\/fahrzeugortung\\\/gps-fahrzeugortung\\\/#primaryimage\"},\"image\":{\"@id\":\"https:\\\/\\\/www.rex.eu\\\/de\\\/sicherheit-und-schutz\\\/fahrzeugortung\\\/gps-fahrzeugortung\\\/#primaryimage\"},\"thumbnailUrl\":\"https:\\\/\\\/www.rex.eu\\\/wp-content\\\/uploads\\\/2018\\\/08\\\/placeholder-2.jpg\",\"datePublished\":\"2024-10-23T12:26:59+00:00\",\"dateModified\":\"2025-01-15T17:05:35+00:00\",\"breadcrumb\":{\"@id\":\"https:\\\/\\\/www.rex.eu\\\/de\\\/sicherheit-und-schutz\\\/fahrzeugortung\\\/gps-fahrzeugortung\\\/#breadcrumb\"},\"inLanguage\":\"de\",\"potentialAction\":[{\"@type\":\"ReadAction\",\"target\":[\"https:\\\/\\\/www.rex.eu\\\/de\\\/sicherheit-und-schutz\\\/fahrzeugortung\\\/gps-fahrzeugortung\\\/\"]}]},{\"@type\":\"ImageObject\",\"inLanguage\":\"de\",\"@id\":\"https:\\\/\\\/www.rex.eu\\\/de\\\/sicherheit-und-schutz\\\/fahrzeugortung\\\/gps-fahrzeugortung\\\/#primaryimage\",\"url\":\"https:\\\/\\\/www.rex.eu\\\/wp-content\\\/uploads\\\/2018\\\/08\\\/placeholder-2.jpg\",\"contentUrl\":\"https:\\\/\\\/www.rex.eu\\\/wp-content\\\/uploads\\\/2018\\\/08\\\/placeholder-2.jpg\",\"width\":1920,\"height\":660},{\"@type\":\"BreadcrumbList\",\"@id\":\"https:\\\/\\\/www.rex.eu\\\/de\\\/sicherheit-und-schutz\\\/fahrzeugortung\\\/gps-fahrzeugortung\\\/#breadcrumb\",\"itemListElement\":[{\"@type\":\"ListItem\",\"position\":1,\"name\":\"Dom\u016f\",\"item\":\"https:\\\/\\\/www.rex.eu\\\/de\\\/\"},{\"@type\":\"ListItem\",\"position\":2,\"name\":\"Sicherheit und Schutz\",\"item\":\"https:\\\/\\\/www.rex.eu\\\/de\\\/sicherheit-und-schutz\\\/\"},{\"@type\":\"ListItem\",\"position\":3,\"name\":\"Fahrzeugortung\",\"item\":\"https:\\\/\\\/www.rex.eu\\\/de\\\/sicherheit-und-schutz\\\/fahrzeugortung\\\/\"},{\"@type\":\"ListItem\",\"position\":4,\"name\":\"GPS-Fahrzeugortung\"}]},{\"@type\":\"WebSite\",\"@id\":\"https:\\\/\\\/www.rex.eu\\\/#website\",\"url\":\"https:\\\/\\\/www.rex.eu\\\/\",\"name\":\"1. REX SERVICES, a.s.\",\"description\":\"REX - Unser Ziel ist es, Ihnen ein sichereres und einfacheres Leben zu erm\u00f6glichen\",\"publisher\":{\"@id\":\"https:\\\/\\\/www.rex.eu\\\/#organization\"},\"potentialAction\":[{\"@type\":\"SearchAction\",\"target\":{\"@type\":\"EntryPoint\",\"urlTemplate\":\"https:\\\/\\\/www.rex.eu\\\/?s={search_term_string}\"},\"query-input\":{\"@type\":\"PropertyValueSpecification\",\"valueRequired\":true,\"valueName\":\"search_term_string\"}}],\"inLanguage\":\"de\"},{\"@type\":\"Organization\",\"@id\":\"https:\\\/\\\/www.rex.eu\\\/#organization\",\"name\":\"1. REX SERVICES, A.S.\",\"url\":\"https:\\\/\\\/www.rex.eu\\\/\",\"logo\":{\"@type\":\"ImageObject\",\"inLanguage\":\"de\",\"@id\":\"https:\\\/\\\/www.rex.eu\\\/#\\\/schema\\\/logo\\\/image\\\/\",\"url\":\"https:\\\/\\\/www.rex.eu\\\/wp-content\\\/uploads\\\/2019\\\/03\\\/logo.png\",\"contentUrl\":\"https:\\\/\\\/www.rex.eu\\\/wp-content\\\/uploads\\\/2019\\\/03\\\/logo.png\",\"width\":95,\"height\":50,\"caption\":\"1. REX SERVICES, A.S.\"},\"image\":{\"@id\":\"https:\\\/\\\/www.rex.eu\\\/#\\\/schema\\\/logo\\\/image\\\/\"},\"sameAs\":[\"https:\\\/\\\/www.facebook.com\\\/RexServices\\\/\"]}]}<\/script>\n<!-- \/ Yoast SEO plugin. -->","yoast_head_json":{"title":"GPS-Fahrzeugortung - 1. REX SERVICES, a.s.","robots":{"index":"index","follow":"follow","max-snippet":"max-snippet:-1","max-image-preview":"max-image-preview:large","max-video-preview":"max-video-preview:-1"},"canonical":"https:\/\/www.rex.eu\/de\/sicherheit-und-schutz\/fahrzeugortung\/gps-fahrzeugortung\/","og_locale":"de_DE","og_type":"article","og_title":"GPS-Fahrzeugortung - 1. REX SERVICES, a.s.","og_description":"Verwenden Sie den GPS Tracker, um den aktuellen Standort des Fahrzeugs auf der Karte anzuzeigen. Es ist auch m\u00f6glich, die Bewegungshistorie des Fahrzeugs bis zu einem Jahr zur\u00fcckzuverfolgen. Die Position wird mindestens alle 30 Sekunden vom Fahrzeug gesendet (dank des Beschleunigungssensors in Kurven sogar noch h\u00e4ufiger). Der GPS-Locator enth\u00e4lt eine integrierte REX-Daten-SIM-Karte und kann verdeckt im Fahrzeug montiert werden.","og_url":"https:\/\/www.rex.eu\/de\/sicherheit-und-schutz\/fahrzeugortung\/gps-fahrzeugortung\/","og_site_name":"1. REX SERVICES, a.s.","article_publisher":"https:\/\/www.facebook.com\/RexServices\/","article_modified_time":"2025-01-15T17:05:35+00:00","og_image":[{"width":1920,"height":660,"url":"https:\/\/www.rex.eu\/wp-content\/uploads\/2018\/08\/placeholder-2.jpg","type":"image\/jpeg"}],"twitter_card":"summary_large_image","twitter_misc":{"Gesch\u00e4tzte Lesezeit":"1\u00a0Minute"},"schema":{"@context":"https:\/\/schema.org","@graph":[{"@type":"WebPage","@id":"https:\/\/www.rex.eu\/de\/sicherheit-und-schutz\/fahrzeugortung\/gps-fahrzeugortung\/","url":"https:\/\/www.rex.eu\/de\/sicherheit-und-schutz\/fahrzeugortung\/gps-fahrzeugortung\/","name":"GPS-Fahrzeugortung - 1. REX SERVICES, a.s.","isPartOf":{"@id":"https:\/\/www.rex.eu\/#website"},"primaryImageOfPage":{"@id":"https:\/\/www.rex.eu\/de\/sicherheit-und-schutz\/fahrzeugortung\/gps-fahrzeugortung\/#primaryimage"},"image":{"@id":"https:\/\/www.rex.eu\/de\/sicherheit-und-schutz\/fahrzeugortung\/gps-fahrzeugortung\/#primaryimage"},"thumbnailUrl":"https:\/\/www.rex.eu\/wp-content\/uploads\/2018\/08\/placeholder-2.jpg","datePublished":"2024-10-23T12:26:59+00:00","dateModified":"2025-01-15T17:05:35+00:00","breadcrumb":{"@id":"https:\/\/www.rex.eu\/de\/sicherheit-und-schutz\/fahrzeugortung\/gps-fahrzeugortung\/#breadcrumb"},"inLanguage":"de","potentialAction":[{"@type":"ReadAction","target":["https:\/\/www.rex.eu\/de\/sicherheit-und-schutz\/fahrzeugortung\/gps-fahrzeugortung\/"]}]},{"@type":"ImageObject","inLanguage":"de","@id":"https:\/\/www.rex.eu\/de\/sicherheit-und-schutz\/fahrzeugortung\/gps-fahrzeugortung\/#primaryimage","url":"https:\/\/www.rex.eu\/wp-content\/uploads\/2018\/08\/placeholder-2.jpg","contentUrl":"https:\/\/www.rex.eu\/wp-content\/uploads\/2018\/08\/placeholder-2.jpg","width":1920,"height":660},{"@type":"BreadcrumbList","@id":"https:\/\/www.rex.eu\/de\/sicherheit-und-schutz\/fahrzeugortung\/gps-fahrzeugortung\/#breadcrumb","itemListElement":[{"@type":"ListItem","position":1,"name":"Dom\u016f","item":"https:\/\/www.rex.eu\/de\/"},{"@type":"ListItem","position":2,"name":"Sicherheit und Schutz","item":"https:\/\/www.rex.eu\/de\/sicherheit-und-schutz\/"},{"@type":"ListItem","position":3,"name":"Fahrzeugortung","item":"https:\/\/www.rex.eu\/de\/sicherheit-und-schutz\/fahrzeugortung\/"},{"@type":"ListItem","position":4,"name":"GPS-Fahrzeugortung"}]},{"@type":"WebSite","@id":"https:\/\/www.rex.eu\/#website","url":"https:\/\/www.rex.eu\/","name":"1. REX SERVICES, a.s.","description":"REX - Unser Ziel ist es, Ihnen ein sichereres und einfacheres Leben zu erm\u00f6glichen","publisher":{"@id":"https:\/\/www.rex.eu\/#organization"},"potentialAction":[{"@type":"SearchAction","target":{"@type":"EntryPoint","urlTemplate":"https:\/\/www.rex.eu\/?s={search_term_string}"},"query-input":{"@type":"PropertyValueSpecification","valueRequired":true,"valueName":"search_term_string"}}],"inLanguage":"de"},{"@type":"Organization","@id":"https:\/\/www.rex.eu\/#organization","name":"1. REX SERVICES, A.S.","url":"https:\/\/www.rex.eu\/","logo":{"@type":"ImageObject","inLanguage":"de","@id":"https:\/\/www.rex.eu\/#\/schema\/logo\/image\/","url":"https:\/\/www.rex.eu\/wp-content\/uploads\/2019\/03\/logo.png","contentUrl":"https:\/\/www.rex.eu\/wp-content\/uploads\/2019\/03\/logo.png","width":95,"height":50,"caption":"1. REX SERVICES, A.S."},"image":{"@id":"https:\/\/www.rex.eu\/#\/schema\/logo\/image\/"},"sameAs":["https:\/\/www.facebook.com\/RexServices\/"]}]}},"_links":{"self":[{"href":"https:\/\/www.rex.eu\/de\/wp-json\/wp\/v2\/pages\/3119","targetHints":{"allow":["GET"]}}],"collection":[{"href":"https:\/\/www.rex.eu\/de\/wp-json\/wp\/v2\/pages"}],"about":[{"href":"https:\/\/www.rex.eu\/de\/wp-json\/wp\/v2\/types\/page"}],"author":[{"embeddable":true,"href":"https:\/\/www.rex.eu\/de\/wp-json\/wp\/v2\/users\/3"}],"replies":[{"embeddable":true,"href":"https:\/\/www.rex.eu\/de\/wp-json\/wp\/v2\/comments?post=3119"}],"version-history":[{"count":2,"href":"https:\/\/www.rex.eu\/de\/wp-json\/wp\/v2\/pages\/3119\/revisions"}],"predecessor-version":[{"id":3287,"href":"https:\/\/www.rex.eu\/de\/wp-json\/wp\/v2\/pages\/3119\/revisions\/3287"}],"up":[{"embeddable":true,"href":"https:\/\/www.rex.eu\/de\/wp-json\/wp\/v2\/pages\/3112"}],"wp:featuredmedia":[{"embeddable":true,"href":"https:\/\/www.rex.eu\/de\/wp-json\/wp\/v2\/media\/3123"}],"wp:attachment":[{"href":"https:\/\/www.rex.eu\/de\/wp-json\/wp\/v2\/media?parent=3119"}],"curies":[{"name":"wp","href":"https:\/\/api.w.org\/{rel}","templated":true}]}}